{"id":1034,"date":"2024-05-23T13:33:03","date_gmt":"2024-05-23T11:33:03","guid":{"rendered":"https:\/\/old.aeliteclub.be\/blog\/"},"modified":"2024-06-25T12:47:59","modified_gmt":"2024-06-25T10:47:59","slug":"blog","status":"publish","type":"page","link":"https:\/\/old.aeliteclub.be\/en\/blog\/","title":{"rendered":"Blog"},"content":{"rendered":"\n<h2 class=\"wp-block-heading has-text-align-center outline\">\u00c6lite Blog<\/h2>\n\n\n\n<h3 class=\"wp-block-heading has-text-align-center big-title\">Find out all <strong>the latest news<\/strong> from your club<\/h3>\n\n\n\n<p class=\"has-text-align-center text-intro\">Whether you&#8217;re a fitness enthusiast or a beginner looking to adopt a healthy lifestyle, our blog is for you. Discover expert advice, training programs for all levels, nutritional tips and inspiring testimonials from our members. We&#8217;re here to support you on your fitness journey and help you achieve your goals, while being part of a dynamic and motivating community.<\/p>\n\n\n\n<div style=\"height:40px\" aria-hidden=\"true\" class=\"wp-block-spacer\"><\/div>\n\n\n<ul class=\"wp-block-latest-posts__list is-grid columns-3 wp-block-latest-posts\"><li><div class=\"wp-block-latest-posts__featured-image aligncenter\"><a href=\"https:\/\/old.aeliteclub.be\/en\/aelite-club-and-waterloo-ducks-a-winning-collaboration\/\" aria-label=\"Aelite Club and Waterloo Ducks: A winning collaboration\"><img loading=\"lazy\" decoding=\"async\" width=\"420\" height=\"281\" src=\"https:\/\/old.aeliteclub.be\/wp-content\/uploads\/2024\/07\/waterloo-ducks-article.jpg\" class=\"attachment-large size-large wp-post-image\" alt=\"Waterloo Ducks\" style=\"\" srcset=\"https:\/\/old.aeliteclub.be\/wp-content\/uploads\/2024\/07\/waterloo-ducks-article.jpg 420w, https:\/\/old.aeliteclub.be\/wp-content\/uploads\/2024\/07\/waterloo-ducks-article-300x201.jpg 300w\" sizes=\"auto, (max-width: 420px) 100vw, 420px\" \/><\/a><\/div><a class=\"wp-block-latest-posts__post-title\" href=\"https:\/\/old.aeliteclub.be\/en\/aelite-club-and-waterloo-ducks-a-winning-collaboration\/\">Aelite Club and Waterloo Ducks: A winning collaboration<\/a><div class=\"wp-block-latest-posts__post-excerpt\">At Aelite Club, we are delighted to announce our partnership with the prestigious hockey club of Waterloo, the Waterloo Ducks. If you have trained with us before, you have probably <a href=\"https:\/\/old.aeliteclub.be\/en\/aelite-club-and-waterloo-ducks-a-winning-collaboration\/\" class=\"more-link\">&#8230;<span class=\"screen-reader-text\">  Aelite Club and Waterloo Ducks: A winning collaboration<\/span><\/a><\/div><\/li>\n<li><div class=\"wp-block-latest-posts__featured-image aligncenter\"><a href=\"https:\/\/old.aeliteclub.be\/en\/aelite-club-and-castors-braine-a-top-tier-basketball-alliance\/\" aria-label=\"Aelite Club and Castors Braine: A top-tier basketball alliance\"><img loading=\"lazy\" decoding=\"async\" width=\"1024\" height=\"683\" src=\"https:\/\/old.aeliteclub.be\/wp-content\/uploads\/2024\/07\/royal-castors-braine-article-1024x683.jpg\" class=\"attachment-large size-large wp-post-image\" alt=\"Royal Castors Brain\" style=\"\" srcset=\"https:\/\/old.aeliteclub.be\/wp-content\/uploads\/2024\/07\/royal-castors-braine-article-1024x683.jpg 1024w, https:\/\/old.aeliteclub.be\/wp-content\/uploads\/2024\/07\/royal-castors-braine-article-300x200.jpg 300w, https:\/\/old.aeliteclub.be\/wp-content\/uploads\/2024\/07\/royal-castors-braine-article.jpg 1300w\" sizes=\"auto, (max-width: 1024px) 100vw, 1024px\" \/><\/a><\/div><a class=\"wp-block-latest-posts__post-title\" href=\"https:\/\/old.aeliteclub.be\/en\/aelite-club-and-castors-braine-a-top-tier-basketball-alliance\/\">Aelite Club and Castors Braine: A top-tier basketball alliance<\/a><div class=\"wp-block-latest-posts__post-excerpt\">We are pleased to announce our partnership with Castors Braine, the legendary basketball team from Braine-l&#8217;Alleud. This historic club, founded in 1940, is a true institution in the world of <a href=\"https:\/\/old.aeliteclub.be\/en\/aelite-club-and-castors-braine-a-top-tier-basketball-alliance\/\" class=\"more-link\">&#8230;<span class=\"screen-reader-text\">  Aelite Club and Castors Braine: A top-tier basketball alliance<\/span><\/a><\/div><\/li>\n<li><div class=\"wp-block-latest-posts__featured-image aligncenter\"><a href=\"https:\/\/old.aeliteclub.be\/en\/boost-by-borlee\/\" aria-label=\"Boost by Borl\u00e9e\"><img loading=\"lazy\" decoding=\"async\" width=\"1024\" height=\"1024\" src=\"https:\/\/old.aeliteclub.be\/wp-content\/uploads\/2024\/05\/boost-by-borlee-1024x1024.jpg\" class=\"attachment-large size-large wp-post-image\" alt=\"BOOST by Borl\u00e9e\" style=\"\" srcset=\"https:\/\/old.aeliteclub.be\/wp-content\/uploads\/2024\/05\/boost-by-borlee-1024x1024.jpg 1024w, https:\/\/old.aeliteclub.be\/wp-content\/uploads\/2024\/05\/boost-by-borlee-300x300.jpg 300w, https:\/\/old.aeliteclub.be\/wp-content\/uploads\/2024\/05\/boost-by-borlee-150x150.jpg 150w, https:\/\/old.aeliteclub.be\/wp-content\/uploads\/2024\/05\/boost-by-borlee.jpg 1080w\" sizes=\"auto, (max-width: 1024px) 100vw, 1024px\" \/><\/a><\/div><a class=\"wp-block-latest-posts__post-title\" href=\"https:\/\/old.aeliteclub.be\/en\/boost-by-borlee\/\">Boost by Borl\u00e9e<\/a><div class=\"wp-block-latest-posts__post-excerpt\">\u00c6lite Fitness is thrilled to announce an exclusive partnership for Walloon Brabant with Jacques Borl\u00e9e and his renowned performance program, BOOST by Borl\u00e9e. Recognized for his groundbreaking work in athletics <a href=\"https:\/\/old.aeliteclub.be\/en\/boost-by-borlee\/\" class=\"more-link\">&#8230;<span class=\"screen-reader-text\">  Boost by Borl\u00e9e<\/span><\/a><\/div><\/li>\n<li><div class=\"wp-block-latest-posts__featured-image aligncenter\"><a href=\"https:\/\/old.aeliteclub.be\/en\/mental-coaching\/\" aria-label=\"Mental coaching\"><img loading=\"lazy\" decoding=\"async\" width=\"1024\" height=\"683\" src=\"https:\/\/old.aeliteclub.be\/wp-content\/uploads\/2024\/05\/arnaud-de-meester-01-1024x683.jpg\" class=\"attachment-large size-large wp-post-image\" alt=\"Arnaud de Meester\" style=\"\" srcset=\"https:\/\/old.aeliteclub.be\/wp-content\/uploads\/2024\/05\/arnaud-de-meester-01-1024x683.jpg 1024w, https:\/\/old.aeliteclub.be\/wp-content\/uploads\/2024\/05\/arnaud-de-meester-01-300x200.jpg 300w, https:\/\/old.aeliteclub.be\/wp-content\/uploads\/2024\/05\/arnaud-de-meester-01.jpg 1920w\" sizes=\"auto, (max-width: 1024px) 100vw, 1024px\" \/><\/a><\/div><a class=\"wp-block-latest-posts__post-title\" href=\"https:\/\/old.aeliteclub.be\/en\/mental-coaching\/\">Mental coaching<\/a><div class=\"wp-block-latest-posts__post-excerpt\">Our Mental Coaching section presents the exclusive services of Arnaud de Meester, our partner in mental and physical performance coaching. Arnaud is a high-level athlete specializing in extreme endurance races. <a href=\"https:\/\/old.aeliteclub.be\/en\/mental-coaching\/\" class=\"more-link\">&#8230;<span class=\"screen-reader-text\">  Mental coaching<\/span><\/a><\/div><\/li>\n<\/ul>","protected":false},"excerpt":{"rendered":"<p>\u00c6lite Blog Find out all the latest news from your club Whether you&#8217;re a fitness enthusiast or a beginner looking to adopt a healthy lifestyle, our blog is for you. Discover expert advice, training programs for all levels, nutritional tips and inspiring testimonials from our members. We&#8217;re here to support you on your fitness journey <a href=\"https:\/\/old.aeliteclub.be\/en\/blog\/\" class=\"more-link\">&#8230;<span class=\"screen-reader-text\">  Blog<\/span><\/a><\/p>\n","protected":false},"author":7,"featured_media":0,"parent":0,"menu_order":0,"comment_status":"closed","ping_status":"closed","template":"","meta":{"footnotes":""},"class_list":["post-1034","page","type-page","status-publish","hentry"],"aioseo_notices":[],"_links":{"self":[{"href":"https:\/\/old.aeliteclub.be\/en\/wp-json\/wp\/v2\/pages\/1034","targetHints":{"allow":["GET"]}}],"collection":[{"href":"https:\/\/old.aeliteclub.be\/en\/wp-json\/wp\/v2\/pages"}],"about":[{"href":"https:\/\/old.aeliteclub.be\/en\/wp-json\/wp\/v2\/types\/page"}],"author":[{"embeddable":true,"href":"https:\/\/old.aeliteclub.be\/en\/wp-json\/wp\/v2\/users\/7"}],"replies":[{"embeddable":true,"href":"https:\/\/old.aeliteclub.be\/en\/wp-json\/wp\/v2\/comments?post=1034"}],"version-history":[{"count":3,"href":"https:\/\/old.aeliteclub.be\/en\/wp-json\/wp\/v2\/pages\/1034\/revisions"}],"predecessor-version":[{"id":1085,"href":"https:\/\/old.aeliteclub.be\/en\/wp-json\/wp\/v2\/pages\/1034\/revisions\/1085"}],"wp:attachment":[{"href":"https:\/\/old.aeliteclub.be\/en\/wp-json\/wp\/v2\/media?parent=1034"}],"curies":[{"name":"wp","href":"https:\/\/api.w.org\/{rel}","templated":true}]}}