{"id":1011,"date":"2024-06-06T10:49:35","date_gmt":"2024-06-06T08:49:35","guid":{"rendered":"https:\/\/old.aeliteclub.be\/test-sportif\/"},"modified":"2024-06-20T13:55:08","modified_gmt":"2024-06-20T11:55:08","slug":"sports-test","status":"publish","type":"page","link":"https:\/\/old.aeliteclub.be\/en\/sports-test\/","title":{"rendered":"Sports test"},"content":{"rendered":"\n<h2 class=\"wp-block-heading has-text-align-center outline\">Sports test<\/h2>\n\n\n\n<h3 class=\"wp-block-heading has-text-align-center big-title\">Just a few questions to <strong>assess<\/strong> your sports profile<\/h3>\n\n\n\n<p class=\"has-text-align-center text-intro\">Based on the goals you want to achieve, the aspects of your daily life you prefer and the activities you enjoy, we&#8217;ll tell you what kind of athlete you are.<\/p>\n\n\n\n<div style=\"height:30px\" aria-hidden=\"true\" class=\"wp-block-spacer\"><\/div>\n\n\n\n<div class=\"wpcf7 no-js\" id=\"wpcf7-f1016-o1\" lang=\"en-US\" dir=\"ltr\" data-wpcf7-id=\"1016\">\n<div class=\"screen-reader-response\"><p role=\"status\" aria-live=\"polite\" aria-atomic=\"true\"><\/p> <ul><\/ul><\/div>\n<form action=\"\/en\/wp-json\/wp\/v2\/pages\/1011#wpcf7-f1016-o1\" method=\"post\" class=\"wpcf7-form init\" aria-label=\"Contact form\" novalidate=\"novalidate\" data-status=\"init\">\n<div style=\"display: none;\">\n<input type=\"hidden\" name=\"_wpcf7\" value=\"1016\" \/>\n<input type=\"hidden\" name=\"_wpcf7_version\" value=\"6.0.6\" \/>\n<input type=\"hidden\" name=\"_wpcf7_locale\" value=\"en_US\" \/>\n<input type=\"hidden\" name=\"_wpcf7_unit_tag\" value=\"wpcf7-f1016-o1\" \/>\n<input type=\"hidden\" name=\"_wpcf7_container_post\" value=\"0\" \/>\n<input type=\"hidden\" name=\"_wpcf7_posted_data_hash\" value=\"\" \/>\n<input type=\"hidden\" name=\"_wpcf7_recaptcha_response\" value=\"\" \/>\n<\/div>\n<div class=\"row form-test-sportif\">\n\t<p><span id=\"wpcf7-69d08b25358ca-wrapper\" class=\"wpcf7-form-control-wrap fullname-wrap\" style=\"display:none !important; visibility:hidden !important;\"><input type=\"hidden\" name=\"fullname-time-start\" value=\"1775274789\"><input type=\"hidden\" name=\"fullname-time-check\" value=\"4\"><label for=\"wpcf7-69d08b25358ca-field\" class=\"hp-message\">Please leave this field empty.<\/label><input id=\"wpcf7-69d08b25358ca-field\"  class=\"wpcf7-form-control wpcf7-text\" type=\"text\" name=\"fullname\" value=\"\" size=\"40\" tabindex=\"-1\" autocomplete=\"new-password\" \/><\/span>\n\t<\/p>\n\t<div class=\"col-sm-6\">\n\t\t<div class=\"mb-3\">\n\t\t\t<p><label class=\"form-label\" for=\"lastname\">Last name<\/label><br \/>\n<span class=\"wpcf7-form-control-wrap\" data-name=\"your-lastname\"><input size=\"40\" maxlength=\"400\" class=\"wpcf7-form-control wpcf7-text wpcf7-validates-as-required form-control\" id=\"lastname\" autocomplete=\"family-name\" aria-required=\"true\" aria-invalid=\"false\" value=\"\" type=\"text\" name=\"your-lastname\" \/><\/span>\n\t\t\t<\/p>\n\t\t<\/div>\n\t<\/div>\n\t<div class=\"col-sm-6\">\n\t\t<div class=\"mb-3\">\n\t\t\t<p><label class=\"form-label\" for=\"firstname\">First name<\/label><br \/>\n<span class=\"wpcf7-form-control-wrap\" data-name=\"your-firstname\"><input size=\"40\" maxlength=\"400\" class=\"wpcf7-form-control wpcf7-text wpcf7-validates-as-required form-control\" id=\"firstname\" autocomplete=\"given-name\" aria-required=\"true\" aria-invalid=\"false\" value=\"\" type=\"text\" name=\"your-firstname\" \/><\/span>\n\t\t\t<\/p>\n\t\t<\/div>\n\t<\/div>\n\t<div class=\"col-sm-6\">\n\t\t<div class=\"mb-3\">\n\t\t\t<p><label class=\"form-label\" for=\"phone\">Phone<\/label><br \/>\n<span class=\"wpcf7-form-control-wrap\" data-name=\"your-phone\"><input size=\"40\" maxlength=\"400\" class=\"wpcf7-form-control wpcf7-tel wpcf7-validates-as-required wpcf7-text wpcf7-validates-as-tel form-control\" id=\"phone\" autocomplete=\"tel\" aria-required=\"true\" aria-invalid=\"false\" value=\"\" type=\"tel\" name=\"your-phone\" \/><\/span>\n\t\t\t<\/p>\n\t\t<\/div>\n\t<\/div>\n\t<div class=\"col-sm-6\">\n\t\t<div class=\"mb-3\">\n\t\t\t<p><label class=\"form-label\" for=\"email\">Email<\/label><br \/>\n<span class=\"wpcf7-form-control-wrap\" data-name=\"your-email\"><input size=\"40\" maxlength=\"400\" class=\"wpcf7-form-control wpcf7-email wpcf7-validates-as-required wpcf7-text wpcf7-validates-as-email form-control\" id=\"email\" autocomplete=\"email\" aria-required=\"true\" aria-invalid=\"false\" value=\"\" type=\"email\" name=\"your-email\" \/><\/span>\n\t\t\t<\/p>\n\t\t<\/div>\n\t<\/div>\n\t<div class=\"col-sm-6\">\n\t\t<div class=\"mb-3\">\n\t\t\t<p><label class=\"form-label\" for=\"birthday\">Birthday<\/label><br \/>\n<span class=\"wpcf7-form-control-wrap\" data-name=\"your-birthday\"><input class=\"wpcf7-form-control wpcf7-date wpcf7-validates-as-required wpcf7-validates-as-date form-control\" id=\"birthday\" min=\"1924-01-01\" autocomplete=\"bday\" aria-required=\"true\" aria-invalid=\"false\" value=\"\" type=\"date\" name=\"your-birthday\" \/><\/span>\n\t\t\t<\/p>\n\t\t<\/div>\n\t<\/div>\n\t<div class=\"col-xs-12\">\n\t\t<div class=\"mb-3 form-check\">\n\t\t\t<p><span class=\"wpcf7-form-control-wrap\" data-name=\"your-optin\"><span class=\"wpcf7-form-control wpcf7-acceptance\"><span class=\"wpcf7-list-item\"><label><input type=\"checkbox\" name=\"your-optin\" value=\"1\" class=\"form-check-input\" id=\"optin\" aria-invalid=\"false\" \/><span class=\"wpcf7-list-item-label\">I consent to Aelite Club collecting and storing the data I have entered in this form in order to contact me.<\/span><\/label><\/span><\/span><\/span>\n\t\t\t<\/p>\n\t\t<\/div>\n\t<\/div>\n\t<div class=\"col-xs-12 text-center\">\n\t\t<p><button type=\"submit\" class=\"btn btn-warning btn-arrow btn-pulse\">Start the test<\/button>\n\t\t<\/p>\n\t<\/div>\n<\/div><div class=\"wpcf7-response-output\" aria-hidden=\"true\"><\/div>\n<\/form>\n<\/div>\n\n\n\n\n<script>const $ = jQuery;\nconst container = $('#wpcf7-f925-p926-o1');\nconst form = container.find('form');\n\n\n\/\/ \u00c9coutez l'\u00e9v\u00e9nement wpcf7mailsent\ndocument.addEventListener('wpcf7mailsent', function(event) {\n    \/\/ V\u00e9rifiez si l'ID du formulaire correspond \u00e0 votre formulaire\n    if (event.detail.contactFormId == '925') {\n        form.remove();\n        $('#_mwcloudAW').removeClass('hide');\n    }\n}, false);\n<\/script>\n\n\n\n<div id=\"_mwcloudAW\" class=\"hide\"><\/div>\n<script src=\"https:\/\/www.mywellness.com\/cloud\/widget\/aspiration?&#038;facilityUrl=ac1921244&#038;wSize=Medium&#038;language=fr&#038;containerBG=121212&#038;stepTitleColor=F4CF7D&#038;questionColor=ffffff&#038;valueLabelColor=000000&#038;buttonBG=F4CF7D&#038;buttonCheckedBG=ffffff&#038;buttonTextColor=000000&#038;buttonTextCheckedColor=000000&#038;separatorColor=4C4A45&#038;nextBG=F4CF7D&#038;nextTextColor=000000&#038;prevBG=F4CF7D&#038;prevTextColor=000000&#038;bgTiles=ffffff&#038;borderTiles=4C4A45\"><\/script>\n","protected":false},"excerpt":{"rendered":"<p>Sports test Just a few questions to assess your sports profile Based on the goals you want to achieve, the aspects of your daily life you prefer and the activities you enjoy, we&#8217;ll tell you what kind of athlete you are.<\/p>\n","protected":false},"author":7,"featured_media":0,"parent":0,"menu_order":0,"comment_status":"closed","ping_status":"closed","template":"","meta":{"footnotes":""},"class_list":["post-1011","page","type-page","status-publish","hentry"],"aioseo_notices":[],"_links":{"self":[{"href":"https:\/\/old.aeliteclub.be\/en\/wp-json\/wp\/v2\/pages\/1011","targetHints":{"allow":["GET"]}}],"collection":[{"href":"https:\/\/old.aeliteclub.be\/en\/wp-json\/wp\/v2\/pages"}],"about":[{"href":"https:\/\/old.aeliteclub.be\/en\/wp-json\/wp\/v2\/types\/page"}],"author":[{"embeddable":true,"href":"https:\/\/old.aeliteclub.be\/en\/wp-json\/wp\/v2\/users\/7"}],"replies":[{"embeddable":true,"href":"https:\/\/old.aeliteclub.be\/en\/wp-json\/wp\/v2\/comments?post=1011"}],"version-history":[{"count":5,"href":"https:\/\/old.aeliteclub.be\/en\/wp-json\/wp\/v2\/pages\/1011\/revisions"}],"predecessor-version":[{"id":1017,"href":"https:\/\/old.aeliteclub.be\/en\/wp-json\/wp\/v2\/pages\/1011\/revisions\/1017"}],"wp:attachment":[{"href":"https:\/\/old.aeliteclub.be\/en\/wp-json\/wp\/v2\/media?parent=1011"}],"curies":[{"name":"wp","href":"https:\/\/api.w.org\/{rel}","templated":true}]}}